{"id":1676,"date":"2022-01-20T16:22:10","date_gmt":"2022-01-20T19:22:10","guid":{"rendered":"https:\/\/isp5-sfe.infd.edu.ar\/sitio\/?page_id=1676"},"modified":"2022-10-24T21:12:11","modified_gmt":"2022-10-25T00:12:11","slug":"compendio-de-evaluacion-encuadrado-en-el-reglamento-academico-marco-rai-reglamento-de-practica-docente-institucional-repi-y-plan-institucional-de-practica-docente","status":"publish","type":"page","link":"https:\/\/isp5-sfe.infd.edu.ar\/sitio\/compendio-de-evaluacion-encuadrado-en-el-reglamento-academico-marco-rai-reglamento-de-practica-docente-institucional-repi-y-plan-institucional-de-practica-docente\/","title":{"rendered":"COMPENDIO DE EVALUACI\u00d3N"},"content":{"rendered":"<h4>COMPENDIO DE EVALUACI\u00d3N<\/h4>\n<p><strong>COMPENDIO DE EVALUACI\u00d3N ENCUADRADO EN EL REGLAMENTO ACAD\u00c9MICO MARCO (RAI), REGLAMENTO DE PR\u00c1CTICA DOCENTE<\/strong><br \/><strong>INSTITUCIONAL (REPI) Y PLAN INSTITUCIONAL DE PR\u00c1CTICA DOCENTE<\/strong><\/p>\n<p>Compendio Evaluaci\u00f3n Institucional <a href=\"https:\/\/docs.google.com\/document\/d\/12l9HiXP_YhVCn8I_gtZncnmhfFZCyPni\/edit\">Archivo Disponible<\/a><\/p>\n","protected":false},"excerpt":{"rendered":"<p>COMPENDIO DE EVALUACI\u00d3N COMPENDIO DE EVALUACI\u00d3N ENCUADRADO EN EL REGLAMENTO ACAD\u00c9MICO MARCO (RAI), REGLAMENTO DE PR\u00c1CTICA DOCENTEINSTITUCIONAL (REPI) Y PLAN INSTITUCIONAL DE PR\u00c1CTICA DOCENTE Compendio Evaluaci\u00f3n Institucional Archivo Disponible<\/p>\n","protected":false},"author":310,"featured_media":0,"parent":0,"menu_order":0,"comment_status":"closed","ping_status":"closed","template":"","meta":[],"acf":[],"_links":{"self":[{"href":"https:\/\/isp5-sfe.infd.edu.ar\/sitio\/wp-json\/wp\/v2\/pages\/1676"}],"collection":[{"href":"https:\/\/isp5-sfe.infd.edu.ar\/sitio\/wp-json\/wp\/v2\/pages"}],"about":[{"href":"https:\/\/isp5-sfe.infd.edu.ar\/sitio\/wp-json\/wp\/v2\/types\/page"}],"author":[{"embeddable":true,"href":"https:\/\/isp5-sfe.infd.edu.ar\/sitio\/wp-json\/wp\/v2\/users\/310"}],"replies":[{"embeddable":true,"href":"https:\/\/isp5-sfe.infd.edu.ar\/sitio\/wp-json\/wp\/v2\/comments?post=1676"}],"version-history":[{"count":8,"href":"https:\/\/isp5-sfe.infd.edu.ar\/sitio\/wp-json\/wp\/v2\/pages\/1676\/revisions"}],"predecessor-version":[{"id":2681,"href":"https:\/\/isp5-sfe.infd.edu.ar\/sitio\/wp-json\/wp\/v2\/pages\/1676\/revisions\/2681"}],"wp:attachment":[{"href":"https:\/\/isp5-sfe.infd.edu.ar\/sitio\/wp-json\/wp\/v2\/media?parent=1676"}],"curies":[{"name":"wp","href":"https:\/\/api.w.org\/{rel}","templated":true}]}}