{"id":1001,"date":"2018-07-02T21:31:30","date_gmt":"2018-07-03T00:31:30","guid":{"rendered":"https:\/\/isp5-sfe.infd.edu.ar\/sitio\/historia-institucional\/"},"modified":"2024-08-09T19:34:03","modified_gmt":"2024-08-09T22:34:03","slug":"historia-institucional","status":"publish","type":"page","link":"https:\/\/isp5-sfe.infd.edu.ar\/sitio\/historia-institucional\/","title":{"rendered":"FUNDACI\u00d3N DEL ISP5"},"content":{"rendered":"<h4>Fundaci\u00f3n\u00a0 ISP N\u00b05<\/h4>\n<p style=\"text-align: left;\"><span style=\"font-family: 'times new roman', times; font-size: 12pt;\">A partir de 1963 en nuestro pa\u00eds se evidenci\u00f3 un manifiesto desarrollo en los planos econ\u00f3micos y sociales, que determin\u00f3 la aparici\u00f3n en cadena de una serie de fen\u00f3menos tales como: las grandes concentraciones humanas en las zonas urbanas, el \u00e9xodo de la poblaci\u00f3n campesina, el avance de la legislaci\u00f3n laboral y el incremento de la mano de obra femenina. Este cambio fue condicionando paralelamente nuevos comportamientos, necesidades y motivaciones, nuevos estilos de pensar y vivir lo que fue imponiendo, en Ca\u00f1ada de G\u00f3mez, la necesidad de nuevas alternativas al finalizar la escuela media.<\/span><\/p>\n<p style=\"text-align: left;\"><span style=\"font-family: 'times new roman', times; font-size: 12pt;\">Dicho proceso de cambio repercuti\u00f3 de manera directa en la organizaci\u00f3n y orientaci\u00f3n de las escuelas de todos los niveles, a trav\u00e9s del proceso cient\u00edfico, el avance tecnol\u00f3gico y la producci\u00f3n industrial, requiriendo orientaciones educativas al alcance general y especial.<\/span><\/p>\n<p style=\"text-align: left;\"><span style=\"font-family: 'times new roman', times; font-size: 12pt;\">Al mismo tiempo Ca\u00f1ada de G\u00f3mez por su crecimiento vegetativo aumento la producci\u00f3n, el abastecimiento de los servicios, las comunicaciones y el transporte, como consecuencia creci\u00f3 la poblaci\u00f3n estudiantil.<\/span><\/p>\n<p style=\"text-align: left;\"><span style=\"font-family: 'times new roman', times; font-size: 12pt;\">Estos diversos factores generaron la necesidad de \u201cactualizar la preparaci\u00f3n profesional y cient\u00edfica de los docentes de la comunidad y de su zona de influencia como as\u00ed mismo de elevar el nivel cultural de las distintas instituciones culturales, sociales y educativas\u201d.<\/span><\/p>\n<p style=\"text-align: left;\"><span style=\"font-family: 'times new roman', times; font-size: 12pt;\">En este contexto se produce la fundaci\u00f3n del <strong>Instituto Superior del Profesorado N\u00b0 5 \u201cPerito Francisco Moreno\u201d<\/strong>, en su origen <strong>Instituto del Profesorado B\u00e1sico<\/strong>, tal como lo refleja la reconstrucci\u00f3n\u00a0 de los hechos a trav\u00e9s de diversos documentos.<\/span><\/p>\n<p style=\"text-align: left;\"><span style=\"font-family: 'times new roman', times; font-size: 12pt;\">El d\u00eda 13 de abril de 1964 se produce el acto fundacional del Instituto tras los esfuerzos realizados por la referida comisi\u00f3n convocada por el director.<\/span><\/p>\n<p><img decoding=\"async\" loading=\"lazy\" class=\"wp-image-4231 aligncenter\" src=\"https:\/\/isp5-sfe.infd.edu.ar\/sitio\/wp-content\/uploads\/2024\/08\/WhatsApp-Image-2024-06-26-at-11.42.51-AM-1000x707.jpeg\" alt=\"\" width=\"500\" height=\"353\" srcset=\"https:\/\/isp5-sfe.infd.edu.ar\/sitio\/wp-content\/uploads\/2024\/08\/WhatsApp-Image-2024-06-26-at-11.42.51-AM-1000x707.jpeg 1000w, https:\/\/isp5-sfe.infd.edu.ar\/sitio\/wp-content\/uploads\/2024\/08\/WhatsApp-Image-2024-06-26-at-11.42.51-AM-768x543.jpeg 768w, https:\/\/isp5-sfe.infd.edu.ar\/sitio\/wp-content\/uploads\/2024\/08\/WhatsApp-Image-2024-06-26-at-11.42.51-AM-1536x1086.jpeg 1536w, https:\/\/isp5-sfe.infd.edu.ar\/sitio\/wp-content\/uploads\/2024\/08\/WhatsApp-Image-2024-06-26-at-11.42.51-AM.jpeg 1600w\" sizes=\"(max-width: 500px) 100vw, 500px\" \/><\/p>\n","protected":false},"excerpt":{"rendered":"<p>Fundaci\u00f3n\u00a0 ISP N\u00b05 A partir de 1963 en nuestro pa\u00eds se evidenci\u00f3 un manifiesto desarrollo en los planos econ\u00f3micos y sociales, que determin\u00f3 la aparici\u00f3n en cadena de una serie de fen\u00f3menos tales como: las grandes concentraciones humanas en las zonas urbanas, el \u00e9xodo de la poblaci\u00f3n campesina, el avance de la legislaci\u00f3n laboral y &#8230; <a title=\"FUNDACI\u00d3N DEL ISP5\" class=\"read-more\" href=\"https:\/\/isp5-sfe.infd.edu.ar\/sitio\/historia-institucional\/\" aria-label=\"More on FUNDACI\u00d3N DEL ISP5\">[+]<\/a><\/p>\n","protected":false},"author":310,"featured_media":0,"parent":0,"menu_order":0,"comment_status":"closed","ping_status":"closed","template":"","meta":[],"acf":[],"_links":{"self":[{"href":"https:\/\/isp5-sfe.infd.edu.ar\/sitio\/wp-json\/wp\/v2\/pages\/1001"}],"collection":[{"href":"https:\/\/isp5-sfe.infd.edu.ar\/sitio\/wp-json\/wp\/v2\/pages"}],"about":[{"href":"https:\/\/isp5-sfe.infd.edu.ar\/sitio\/wp-json\/wp\/v2\/types\/page"}],"author":[{"embeddable":true,"href":"https:\/\/isp5-sfe.infd.edu.ar\/sitio\/wp-json\/wp\/v2\/users\/310"}],"replies":[{"embeddable":true,"href":"https:\/\/isp5-sfe.infd.edu.ar\/sitio\/wp-json\/wp\/v2\/comments?post=1001"}],"version-history":[{"count":15,"href":"https:\/\/isp5-sfe.infd.edu.ar\/sitio\/wp-json\/wp\/v2\/pages\/1001\/revisions"}],"predecessor-version":[{"id":4233,"href":"https:\/\/isp5-sfe.infd.edu.ar\/sitio\/wp-json\/wp\/v2\/pages\/1001\/revisions\/4233"}],"wp:attachment":[{"href":"https:\/\/isp5-sfe.infd.edu.ar\/sitio\/wp-json\/wp\/v2\/media?parent=1001"}],"curies":[{"name":"wp","href":"https:\/\/api.w.org\/{rel}","templated":true}]}}